{"id":2,"date":"2022-09-02T08:50:21","date_gmt":"2022-09-02T08:50:21","guid":{"rendered":"http:\/\/www.ilewlezie.pl\/?page_id=2"},"modified":"2023-07-10T13:46:05","modified_gmt":"2023-07-10T13:46:05","slug":"sample-page","status":"publish","type":"page","link":"https:\/\/www.ilewlezie.pl\/index.php\/sample-page\/","title":{"rendered":"O mnie"},"content":{"rendered":"\n<div class=\"wp-block-media-text alignwide is-stacked-on-mobile is-image-fill\"><figure class=\"wp-block-media-text__media\" style=\"background-image:url(https:\/\/www.ilewlezie.pl\/wp-content\/uploads\/2023\/07\/182088268_10159612435778521_5164624286241048259_n-683x1024.jpg);background-position:41% 27%\"><img loading=\"lazy\" decoding=\"async\" width=\"683\" height=\"1024\" src=\"https:\/\/www.ilewlezie.pl\/wp-content\/uploads\/2023\/07\/182088268_10159612435778521_5164624286241048259_n-683x1024.jpg\" alt=\"\" class=\"wp-image-362 size-full\" srcset=\"https:\/\/www.ilewlezie.pl\/wp-content\/uploads\/2023\/07\/182088268_10159612435778521_5164624286241048259_n-683x1024.jpg 683w, https:\/\/www.ilewlezie.pl\/wp-content\/uploads\/2023\/07\/182088268_10159612435778521_5164624286241048259_n-200x300.jpg 200w, https:\/\/www.ilewlezie.pl\/wp-content\/uploads\/2023\/07\/182088268_10159612435778521_5164624286241048259_n-768x1152.jpg 768w, https:\/\/www.ilewlezie.pl\/wp-content\/uploads\/2023\/07\/182088268_10159612435778521_5164624286241048259_n-1024x1536.jpg 1024w, https:\/\/www.ilewlezie.pl\/wp-content\/uploads\/2023\/07\/182088268_10159612435778521_5164624286241048259_n.jpg 1365w\" sizes=\"auto, (max-width: 683px) 100vw, 683px\" \/><\/figure><div class=\"wp-block-media-text__content\">\n<p>Cze\u015b\u0107 nazywam si\u0119 Marcin. <\/p>\n\n\n\n<p>Od lat chodz\u0119 po g\u00f3rach. Zacz\u0105\u0142em od Karkonoszy, jeszcze z rodzicami, bo pochodz\u0119 z Wroc\u0142awia. Apetyt r\u00f3s\u0142 w miar\u0119 jedzenia. Pokocha\u0142em Tatry, p\u00f3\u017aniej zasmakowa\u0142em w du\u017cych wysoko\u015bciach podr\u00f3\u017cuj\u0105c p\u00f3l  roku po Ameryce Po\u0142udniowej i pisz\u0105c bloga (<a rel=\"noreferrer noopener\" href=\"http:\/\/www.obytakdalej.wordpress.com\" data-type=\"URL\" data-id=\"www.obytakdalej.wordpress.com\" target=\"_blank\">www.obytakdalej.wordpress.com<\/a>). Nadal odkrywam Alpy kt\u00f3re jeszcze zdecydowanie zbyt s\u0142abo znam. Bylem tez w Himalajach i pewnie tam kiedy\u015b jeszcze wr\u00f3c\u0119. <\/p>\n\n\n\n<p>Gdzie\u015b w mi\u0119dzyczasie zacz\u0105\u0142em si\u0119 wspina\u0107, najpierw sportowo potem, po Kursie Taternickim, tez w tradzie. W ko\u0144cu przyszed\u0142 tez czas na zim\u0119 i Zimowy Kurs Taternicki. Od dziecka je\u017cd\u017c\u0119 na nartach wiec logicznym kierunkiem by\u0142y ski-toury i skialpinizm. Podnosz\u0119 sobie poprzeczk\u0119 z roku na rok, bo kocham nowe wyzwania w otoczeniu dzikiej przyrody. Jestem tez \u017ceglarzem, ale to zupe\u0142nie inna historia&#8230;<\/p>\n\n\n\n<p>Robi\u0119 zdj\u0119cia i czasem montuje filmy z moich przyg\u00f3d. Lubie tez pisa\u0107, bo wiem jak wiele si\u0119 z czasem zapomina. Te zapiski i zdj\u0119cia to, przede wszystkim, back up mojej u\u0142omnej ludzkiej pami\u0119ci, ale mo\u017ce i ty, kt\u00f3ry to czytasz, znajdziesz w nich co\u015b inspiruj\u0105cego dla siebie. <\/p>\n<\/div><\/div>\n\n\n\n<p><\/p>\n\n\n\n<p><\/p>\n\n\n\n<p><\/p>\n","protected":false},"excerpt":{"rendered":"<p>Cze\u015b\u0107 nazywam si\u0119 Marcin. Od lat chodz\u0119 po g\u00f3rach. Zacz\u0105\u0142em od Karkonoszy, jeszcze z rodzicami, bo pochodz\u0119 z Wroc\u0142awia. Apetyt r\u00f3s\u0142 w miar\u0119 jedzenia. Pokocha\u0142em Tatry, p\u00f3\u017aniej zasmakowa\u0142em w du\u017cych wysoko\u015bciach podr\u00f3\u017cuj\u0105c p\u00f3l roku po Ameryce Po\u0142udniowej i pisz\u0105c bloga (www.obytakdalej.wordpress.com). Nadal odkrywam Alpy kt\u00f3re jeszcze zdecydowanie zbyt s\u0142abo znam. Bylem tez w Himalajach i [&hellip;]<\/p>\n","protected":false},"author":1,"featured_media":0,"parent":0,"menu_order":0,"comment_status":"closed","ping_status":"open","template":"","meta":{"footnotes":""},"class_list":["post-2","page","type-page","status-publish","hentry"],"_links":{"self":[{"href":"https:\/\/www.ilewlezie.pl\/index.php\/wp-json\/wp\/v2\/pages\/2","targetHints":{"allow":["GET"]}}],"collection":[{"href":"https:\/\/www.ilewlezie.pl\/index.php\/wp-json\/wp\/v2\/pages"}],"about":[{"href":"https:\/\/www.ilewlezie.pl\/index.php\/wp-json\/wp\/v2\/types\/page"}],"author":[{"embeddable":true,"href":"https:\/\/www.ilewlezie.pl\/index.php\/wp-json\/wp\/v2\/users\/1"}],"replies":[{"embeddable":true,"href":"https:\/\/www.ilewlezie.pl\/index.php\/wp-json\/wp\/v2\/comments?post=2"}],"version-history":[{"count":9,"href":"https:\/\/www.ilewlezie.pl\/index.php\/wp-json\/wp\/v2\/pages\/2\/revisions"}],"predecessor-version":[{"id":388,"href":"https:\/\/www.ilewlezie.pl\/index.php\/wp-json\/wp\/v2\/pages\/2\/revisions\/388"}],"wp:attachment":[{"href":"https:\/\/www.ilewlezie.pl\/index.php\/wp-json\/wp\/v2\/media?parent=2"}],"curies":[{"name":"wp","href":"https:\/\/api.w.org\/{rel}","templated":true}]}}