{"id":368,"date":"2023-07-10T10:11:35","date_gmt":"2023-07-10T10:11:35","guid":{"rendered":"https:\/\/www.ilewlezie.pl\/?page_id=368"},"modified":"2025-07-17T12:05:07","modified_gmt":"2025-07-17T12:05:07","slug":"bucket-list","status":"publish","type":"page","link":"https:\/\/www.ilewlezie.pl\/index.php\/bucket-list\/","title":{"rendered":"Bucket list"},"content":{"rendered":"\n<ul class=\"wp-block-list\">\n<li>SPORT\n\n\n\n\n\n\n\n\n\n\n\n\n\n\n<ul class=\"wp-block-list\">\n<li><s>Przebiec 10km w 0:45:00<\/s><\/li>\n\n\n\n<li>Przebiec 10 km poni\u017cej 0:45:00<\/li>\n\n\n\n<li><s>Przebiec p\u00f3\u0142maraton<\/s><\/li>\n\n\n\n<li><s>Przebiec p\u00f3\u0142maraton w 1:45:00<\/s><\/li>\n\n\n\n<li>Przebiec p\u00f3\u0142maraton poni\u017cej 1:45:00<\/li>\n\n\n\n<li>Przebiec maraton<\/li>\n<\/ul>\n\n\n\n<ul class=\"wp-block-list\">\n<li><s>Triathlon olimpijski<\/s><\/li>\n\n\n\n<li><s>Triathlon 1\/4 IM<\/s><\/li>\n\n\n\n<li>Triathlon 1\/2 IM<\/li>\n\n\n\n<li>Triathlon IM<\/li>\n\n\n\n<li>Wystartowa\u0107 w biegu g\u00f3rskim<\/li>\n<\/ul>\n<\/li>\n\n\n\n<li>G\u00d3RY\n\n\n\n\n\n\n\n\n\n\n\n\n\n\n\n\n\n\n\n\n\n\n\n\n\n\n\n\n<ul class=\"wp-block-list\">\n<li><s>Wej\u015b\u0107 na +4000 m<\/s><\/li>\n\n\n\n<li><s>Wej\u015b\u0107 na +5000 m<\/s><\/li>\n\n\n\n<li><s>Wej\u015b\u0107 na +6000 m<\/s><\/li>\n\n\n\n<li>Wej\u015b\u0107 na +7000 m<\/li>\n\n\n\n<li>Wej\u015b\u0107 na +8000 m<\/li>\n\n\n\n<li><s>Przejsc GR20<\/s><\/li>\n\n\n\n<li>Andy\n<ul class=\"wp-block-list\">\n<li><s>Rucu Pichincha&nbsp;4698 m<\/s><\/li>\n\n\n\n<li>Cotopaxi 5897 m<\/li>\n\n\n\n<li><s>Huayna Potosi 6088 m<\/s><\/li>\n<\/ul>\n<\/li>\n\n\n\n<li>Alpy\n<ul class=\"wp-block-list\">\n<li><s>Aiguille du Midi 3842 m<\/s><\/li>\n\n\n\n<li><s>Matterhorn 4478 m<\/s><\/li>\n\n\n\n<li><s>Breithorn 4164 m<\/s><\/li>\n\n\n\n<li>Dufourspitze 4634 m<\/li>\n\n\n\n<li><strong>Dent du G\u00e9ant 4013 m<\/strong><\/li>\n\n\n\n<li>Eiger 3967 m<\/li>\n\n\n\n<li><s>Castor 4225m<\/s><\/li>\n\n\n\n<li>Spaghetti tour<\/li>\n<\/ul>\n<\/li>\n\n\n\n<li>Himalaje\n<ul class=\"wp-block-list\">\n<li><s>Lobuche East 6119 m<\/s><\/li>\n\n\n\n<li><s>Everest Base Camp 5364 m<\/s><\/li>\n\n\n\n<li><strong>Ama Dablam 6812 m<\/strong><\/li>\n\n\n\n<li>Pumori 7161 m<\/li>\n<\/ul>\n<\/li>\n<\/ul>\n\n\n\n<ul class=\"wp-block-list\">\n<li>Seven Summits\n<ul class=\"wp-block-list\">\n<li>Mont Blanc 4809 m<\/li>\n\n\n\n<li>Kilimand\u017caro 5895 m<\/li>\n\n\n\n<li>Aconcagua 6961 m<\/li>\n\n\n\n<li>Elbrus 5642 m<\/li>\n\n\n\n<li>Denali 6190 m<\/li>\n\n\n\n<li>G\u00f3ra Ko\u015bciuszki 2230 m<\/li>\n\n\n\n<li>Puncak Jaya 4884 m<\/li>\n\n\n\n<li>Mount Everest 8848 m<\/li>\n\n\n\n<li>Masyw Winsona 4892 m<\/li>\n<\/ul>\n<\/li>\n\n\n\n<li>Sniezna Pantera\n<ul class=\"wp-block-list\">\n<li>Pik Lenina 7134 m<\/li>\n\n\n\n<li>Chan Tengri 7010 m<\/li>\n\n\n\n<li>Pik Pobiedy 7439 m<\/li>\n\n\n\n<li>Pik Komunizma 7495 m<\/li>\n\n\n\n<li>Szczyt Kor\u017ceniewskiej&nbsp;7105 m<\/li>\n<\/ul>\n<\/li>\n<\/ul>\n\n\n\n<ul class=\"wp-block-list\">\n<li>Tatry 8000\n<ul class=\"wp-block-list\">\n<li>Gerlach<\/li>\n\n\n\n<li>\u0141omnica<\/li>\n\n\n\n<li>Lodowy Szczyt<\/li>\n\n\n\n<li>Wysoka<\/li>\n\n\n\n<li>Kiezmarski Szczyt<\/li>\n\n\n\n<li>Ko\u0144czysta<\/li>\n\n\n\n<li><s>Baranie Rogi<\/s><\/li>\n\n\n\n<li><s>Rysy<\/s><\/li>\n\n\n\n<li>Krywa\u0144<\/li>\n\n\n\n<li>Starolesny Szczyt<\/li>\n\n\n\n<li>Ganek<\/li>\n\n\n\n<li>S\u0142awkowski Szczyt<\/li>\n\n\n\n<li>Po\u015brednia Gran<\/li>\n<\/ul>\n<\/li>\n<\/ul>\n<\/li>\n\n\n\n<li>PODR\u00d3\u017bE\n\n\n\n\n\n\n\n\n\n\n\n\n\n\n\n\n\n\n\n\n<ul class=\"wp-block-list\">\n<li>Grenlandia<\/li>\n<\/ul>\n\n\n\n<ul class=\"wp-block-list\">\n<li>Ameryka Poludniowa\n<ul class=\"wp-block-list\">\n<li>Brazylia\n<ul class=\"wp-block-list\">\n<li>Argentyna\n<ul class=\"wp-block-list\">\n<li><s>Buenos Aires<\/s><\/li>\n\n\n\n<li><s>Salta<\/s><\/li>\n\n\n\n<li><s>San Salvador de Jujuy<\/s><\/li>\n\n\n\n<li>Ushuaia<\/li>\n\n\n\n<li>Mendoza<\/li>\n\n\n\n<li>Iguazu<\/li>\n<\/ul>\n<\/li>\n\n\n\n<li>Chile\n<ul class=\"wp-block-list\">\n<li>Torres del Paine<\/li>\n\n\n\n<li>Tierra del Fuego<\/li>\n<\/ul>\n<\/li>\n\n\n\n<li><s>Peru<\/s>\n<ul class=\"wp-block-list\">\n<li><s>Huaraz<\/s><\/li>\n\n\n\n<li><s>Hatun Machay<\/s><\/li>\n\n\n\n<li><s>Santa Cruz Trek<\/s><\/li>\n\n\n\n<li><s>Lima<\/s><\/li>\n\n\n\n<li><s>Huacachina<\/s><\/li>\n\n\n\n<li><s>Cuzco<\/s><\/li>\n\n\n\n<li><s>Vinicunca Rainbow Mountain<\/s><\/li>\n\n\n\n<li><s>Nazca lines<\/s><\/li>\n\n\n\n<li><s>Machu Picchu<\/s><\/li>\n\n\n\n<li><s>Lago Titicaca<\/s><\/li>\n\n\n\n<li><s>Kolumbia<\/s><\/li>\n<\/ul>\n<\/li>\n\n\n\n<li><s>Ekwador<\/s><\/li>\n\n\n\n<li><s>Boliwia<\/s><\/li>\n<\/ul>\n<\/li>\n<\/ul>\n<\/li>\n\n\n\n<li>Gruzja<\/li>\n\n\n\n<li>USA\n<ul class=\"wp-block-list\">\n<li>Yosemite<\/li>\n\n\n\n<li>Monument Valley<\/li>\n\n\n\n<li>Alaska<\/li>\n\n\n\n<li>New York<\/li>\n\n\n\n<li>San Francisco<\/li>\n<\/ul>\n<\/li>\n<\/ul>\n\n\n\n<ul class=\"wp-block-list\">\n<li><s>Karaiby<\/s>\n<ul class=\"wp-block-list\">\n<li><s>Martynika<\/s><\/li>\n\n\n\n<li><s>Santa Lucia<\/s><\/li>\n\n\n\n<li><s>Saint Vincent<\/s><\/li>\n\n\n\n<li><s>Bequia<\/s><\/li>\n\n\n\n<li><s>Tobago Cays<\/s><\/li>\n\n\n\n<li><s>Guadelupa<\/s><\/li>\n\n\n\n<li><s>Saint Martin<\/s><\/li>\n\n\n\n<li><s>British Virgin Islands<\/s><\/li>\n\n\n\n<li><s>American Virgin Island<\/s><\/li>\n\n\n\n<li><s>Cura\u00e7a<\/s>o<\/li>\n\n\n\n<li>Puerto Rico<\/li>\n\n\n\n<li>Kuba<\/li>\n<\/ul>\n<\/li>\n\n\n\n<li>Australia<\/li>\n\n\n\n<li>Japonia<\/li>\n\n\n\n<li>Wietnam<\/li>\n\n\n\n<li>Tajlandia<\/li>\n\n\n\n<li>Bali<\/li>\n\n\n\n<li><s>Nepal<\/s><\/li>\n\n\n\n<li>Afryka\n<ul class=\"wp-block-list\">\n<li>Tanzania<\/li>\n\n\n\n<li>Kenia<\/li>\n<\/ul>\n<\/li>\n\n\n\n<li><s>Islandia<\/s><\/li>\n<\/ul>\n<\/li>\n\n\n\n<li>POZA STREFA KOMFORTU\n<ul class=\"wp-block-list\">\n<li><s>Samotny biwak pod namiotem w lesie<\/s><\/li>\n\n\n\n<li><s>Samotny biwak, bez namiotu, na szczycie g\u00f3ry, w lecie<\/s><\/li>\n\n\n\n<li>Samotny biwak, bez namiotu, na szczycie g\u00f3ry, w zimie<\/li>\n\n\n\n<li>Biwak w jamie \u015bnie\u017cnej<\/li>\n\n\n\n<li>Tatua\u017c<\/li>\n<\/ul>\n<\/li>\n\n\n\n<li>INNE\n<ul class=\"wp-block-list\">\n<li><s>Canyoning<\/s><\/li>\n\n\n\n<li><s>Speleologia<\/s><\/li>\n\n\n\n<li>Zbudowanie kampervana<\/li>\n\n\n\n<li><s>Lot w tandemie na paralotni<\/s><\/li>\n\n\n\n<li>Kurs paralotniarstwa<\/li>\n<\/ul>\n<\/li>\n<\/ul>\n\n\n\n<p><\/p>\n","protected":false},"excerpt":{"rendered":"","protected":false},"author":1,"featured_media":0,"parent":0,"menu_order":0,"comment_status":"closed","ping_status":"closed","template":"","meta":{"footnotes":""},"class_list":["post-368","page","type-page","status-publish","hentry"],"_links":{"self":[{"href":"https:\/\/www.ilewlezie.pl\/index.php\/wp-json\/wp\/v2\/pages\/368","targetHints":{"allow":["GET"]}}],"collection":[{"href":"https:\/\/www.ilewlezie.pl\/index.php\/wp-json\/wp\/v2\/pages"}],"about":[{"href":"https:\/\/www.ilewlezie.pl\/index.php\/wp-json\/wp\/v2\/types\/page"}],"author":[{"embeddable":true,"href":"https:\/\/www.ilewlezie.pl\/index.php\/wp-json\/wp\/v2\/users\/1"}],"replies":[{"embeddable":true,"href":"https:\/\/www.ilewlezie.pl\/index.php\/wp-json\/wp\/v2\/comments?post=368"}],"version-history":[{"count":16,"href":"https:\/\/www.ilewlezie.pl\/index.php\/wp-json\/wp\/v2\/pages\/368\/revisions"}],"predecessor-version":[{"id":458,"href":"https:\/\/www.ilewlezie.pl\/index.php\/wp-json\/wp\/v2\/pages\/368\/revisions\/458"}],"wp:attachment":[{"href":"https:\/\/www.ilewlezie.pl\/index.php\/wp-json\/wp\/v2\/media?parent=368"}],"curies":[{"name":"wp","href":"https:\/\/api.w.org\/{rel}","templated":true}]}}